{"id":549,"date":"2019-04-14T17:02:04","date_gmt":"2019-04-14T17:02:04","guid":{"rendered":"https:\/\/wendepunkte.info\/?page_id=549"},"modified":"2019-04-14T19:51:38","modified_gmt":"2019-04-14T19:51:38","slug":"vortraege","status":"publish","type":"page","link":"https:\/\/wendepunkte.info\/index.php\/vortraege\/","title":{"rendered":"Vortr\u00e4ge"},"content":{"rendered":"\t\t<div data-elementor-type=\"wp-post\" data-elementor-id=\"549\" class=\"elementor elementor-549\">\n\t\t\t\t\t\t<div class=\"elementor-inner\">\n\t\t\t\t<div class=\"elementor-section-wrap\">\n\t\t\t\t\t\t\t\t\t<section class=\"elementor-section elementor-top-section elementor-element elementor-element-e969668 elementor-section-boxed elementor-section-height-default elementor-section-height-default\" data-id=\"e969668\" data-element_type=\"section\" data-settings=\"{&quot;background_background&quot;:&quot;classic&quot;,&quot;shape_divider_top&quot;:&quot;mountains&quot;}\">\n\t\t\t\t\t\t\t<div class=\"elementor-background-overlay\"><\/div>\n\t\t\t\t\t\t<div class=\"elementor-shape elementor-shape-top\" data-negative=\"false\">\n\t\t\t<svg xmlns=\"http:\/\/www.w3.org\/2000\/svg\" viewBox=\"0 0 1000 100\" preserveAspectRatio=\"none\">\n\t<path class=\"elementor-shape-fill\" opacity=\"0.33\" d=\"M473,67.3c-203.9,88.3-263.1-34-320.3,0C66,119.1,0,59.7,0,59.7V0h1000v59.7 c0,0-62.1,26.1-94.9,29.3c-32.8,3.3-62.8-12.3-75.8-22.1C806,49.6,745.3,8.7,694.9,4.7S492.4,59,473,67.3z\"\/>\n\t<path class=\"elementor-shape-fill\" opacity=\"0.66\" d=\"M734,67.3c-45.5,0-77.2-23.2-129.1-39.1c-28.6-8.7-150.3-10.1-254,39.1 s-91.7-34.4-149.2,0C115.7,118.3,0,39.8,0,39.8V0h1000v36.5c0,0-28.2-18.5-92.1-18.5C810.2,18.1,775.7,67.3,734,67.3z\"\/>\n\t<path class=\"elementor-shape-fill\" d=\"M766.1,28.9c-200-57.5-266,65.5-395.1,19.5C242,1.8,242,5.4,184.8,20.6C128,35.8,132.3,44.9,89.9,52.5C28.6,63.7,0,0,0,0 h1000c0,0-9.9,40.9-83.6,48.1S829.6,47,766.1,28.9z\"\/>\n<\/svg>\t\t<\/div>\n\t\t\t\t\t<div class=\"elementor-container elementor-column-gap-default\">\n\t\t\t\t\t\t\t<div class=\"elementor-row\">\n\t\t\t\t\t<div class=\"elementor-column elementor-col-100 elementor-top-column elementor-element elementor-element-c7f02ac\" data-id=\"c7f02ac\" data-element_type=\"column\" data-settings=\"{&quot;background_background&quot;:&quot;classic&quot;}\">\n\t\t\t<div class=\"elementor-column-wrap elementor-element-populated\">\n\t\t\t\t\t\t\t<div class=\"elementor-widget-wrap\">\n\t\t\t\t\t\t<div class=\"elementor-element elementor-element-d0b6437 elementor-widget elementor-widget-image\" data-id=\"d0b6437\" data-element_type=\"widget\" data-widget_type=\"image.default\">\n\t\t\t\t<div class=\"elementor-widget-container\">\n\t\t\t\t\t\t\t\t<div class=\"elementor-image\">\n\t\t\t\t\t\t\t\t\t\t\t\t<img decoding=\"async\" src=\"https:\/\/wendepunkte.info\/wp-content\/uploads\/elementor\/thumbs\/media.media_.f6e742fc-2ac6-44e5-9da8-b64f134bc52d.original1024-e1555263940654-o6dbxk00eonj1wqmcolmkt16muxplo1zoq5z3y7cog.jpg\" title=\"media.media.f6e742fc-2ac6-44e5-9da8-b64f134bc52d.original1024\" alt=\"media.media.f6e742fc-2ac6-44e5-9da8-b64f134bc52d.original1024\" loading=\"lazy\" \/>\t\t\t\t\t\t\t\t\t\t\t\t\t\t<\/div>\n\t\t\t\t\t\t<\/div>\n\t\t\t\t<\/div>\n\t\t\t\t<div class=\"elementor-element elementor-element-14a30d2 elementor-widget elementor-widget-text-editor\" data-id=\"14a30d2\" data-element_type=\"widget\" data-widget_type=\"text-editor.default\">\n\t\t\t\t<div class=\"elementor-widget-container\">\n\t\t\t\t\t\t\t\t<div class=\"elementor-text-editor elementor-clearfix\">\n\t\t\t\t<h1>Vortragstitel<\/h1>\n<h3>Die folgenden Seminare k\u00f6nnen Sie bei mir buchen, weitere gerne auf Anfrage.<\/h3><div><br><\/div>\n<h2><b>1. Von der grauen Maus zur K\u00f6nigin<\/b><\/h2>\n<h5>Wie wir zu einem gesunden Selbstwert kommen<\/h5>\n<div>&nbsp;<\/div>\n<h2>2. Konflikte l\u00f6sen \u2013 Beziehungen behalten<\/h2>\n<h5>Wie kann ich meine Identit\u00e4t und vertreten und zu dem stehen, was mir wichtig ist und dennoch die Beziehung behalten?<\/h5>\n<div>&nbsp;<\/div>\n<h2>3. Krisen \u2013 Reifezeiten des Lebens<\/h2>\n<h5>Warum das genau die Wachstumszeiten unseres Lebens sind&#8230;<\/h5>\n<div>&nbsp;<\/div>\n<h2>4. Gelassen loslassen<\/h2>\n<h5>&nbsp;Umgang mit Teenagern und Jugendlichen<\/h5>\n<div>&nbsp;<\/div>\n<h2>5. Einsamkeit verstehen und bew\u00e4ltigen<\/h2>\n<div>\n<h5>Weshalb ein Leben alleine nicht einsam sein muss<\/h5>\n<div><span style=\"font-size: 15px;\">&nbsp;<\/span><\/div>\n<\/div>\n<h2>6. Manche Wunden heilen schwer<\/h2>\n<h5>&nbsp;Umgang mit Verletzungen \u2013 frei werden von den Schatten der Vergangenheit<\/h5>\n<div>&nbsp;<\/div>\n<h2>7. Mutig mit Kindern wachsen<\/h2>\n<h5>Was ist Erziehung und was m\u00fcssen wir dar\u00fcber wissen, damit unsere Kinder das lernen, was uns wichtig ist?<\/h5>\n<div>&nbsp;<\/div>\n<h2>8. Abschied von der Opferrolle<\/h2>\n<h5>Lernen, das eigene Leben in die Hand zu nehmen<\/h5>\n<div>&nbsp;<\/div>\n<h2>9. Glaubensphasen im Leben eines Menschen<\/h2>\n<h5>Kinder glauben anders, als Jugendliche und Erwachsene \u2013 wie kommen wir zu einem&nbsp;<span style=\"font-size: 1.2rem; font-weight: bold;\">\u201cerwachsenen\u201d Glauben?<\/span><\/h5>\n<div><span style=\"font-size: 1.2rem; font-weight: bold;\">&nbsp;<\/span><\/div>\n<h2>10. Up And Down<\/h2>\n<h5>Umgang mit negativen Emotionen<\/h5>\n<div>&nbsp;<\/div>\n<h2>11. Karriere trotz Kinder&nbsp;<\/h2>\n<h5>Wie ist die Doppelbelastung lebbar? (auch f\u00fcr Alleinerziehende)<\/h5>\n<div>&nbsp;<\/div>\n<h2>12. Mehr Gesp\u00fcr f\u00fcr die leisen T\u00f6ne&nbsp;<\/h2>\n<h5>Wie bekommen wir verbesserte Selbst- und Fremdwahrnehmung?<\/h5>\n<div>&nbsp;<\/div>\n<h2>13. Vom sch\u00f6nen schweren Miteinander<\/h2>\n<h5>Sozialkompetenz, was ist das und wie&nbsp;<span style=\"font-size: 1.2rem; font-weight: bold;\">bekommen wir mehr davon?<\/span><\/h5>\n<div><span style=\"font-size: 1.2rem; font-weight: bold;\">&nbsp;<\/span><\/div>\n<h2>14. Heil werden \u2013 befreit leben<\/h2>\n<h5>Seminar f\u00fcr Alleinerziehende<\/h5>\n<div>&nbsp;<\/div>\n<h2>15.&nbsp;Starke Familien<\/h2>\n<h5>&nbsp;Was ein Familiensystem \u00fcberlebensf\u00e4hig und stark macht&nbsp;<\/h5>\n<div>&nbsp;<\/div>\n<h2>16. Raus aus der Depression<\/h2>\n<h5>Wege zu mehr Lebensfreude&nbsp;<\/h5>\n<div>&nbsp;<\/div>\n<h2>17. Erziehungsstile&nbsp;<\/h2>\n<h5>&#8230;und ihre Auswirkungen auf die Entwicklung der Kinder&nbsp;<\/h5>\n<div>&nbsp;<\/div>\n<h2>18. Keine Angst mehr vor der Angst<\/h2>\n<h5>Wie wir die Angst in den Griff bekommen&nbsp;<\/h5>\n<div>&nbsp;<\/div>\n<h2>19. Lebenskraft&nbsp;<\/h2>\n<h5>Woher nehmen, wenn nicht stehlen ?<\/h5>\n<div>&nbsp;<\/div>\n<h2>20. Gottesbilder&nbsp;<\/h2>\n<h5>&#8230;und wie sie unser Leben beeinflussen<\/h5>\t\t\t\t\t<\/div>\n\t\t\t\t\t\t<\/div>\n\t\t\t\t<\/div>\n\t\t\t\t\t\t<\/div>\n\t\t\t\t\t<\/div>\n\t\t<\/div>\n\t\t\t\t\t\t\t\t<\/div>\n\t\t\t\t\t<\/div>\n\t\t<\/section>\n\t\t\t\t<section class=\"elementor-section elementor-top-section elementor-element elementor-element-32d788a elementor-section-content-middle elementor-section-boxed elementor-section-height-default elementor-section-height-default\" data-id=\"32d788a\" data-element_type=\"section\" data-settings=\"{&quot;background_background&quot;:&quot;classic&quot;,&quot;shape_divider_bottom&quot;:&quot;mountains&quot;}\">\n\t\t\t\t\t<div class=\"elementor-shape elementor-shape-bottom\" data-negative=\"false\">\n\t\t\t<svg xmlns=\"http:\/\/www.w3.org\/2000\/svg\" viewBox=\"0 0 1000 100\" preserveAspectRatio=\"none\">\n\t<path class=\"elementor-shape-fill\" opacity=\"0.33\" d=\"M473,67.3c-203.9,88.3-263.1-34-320.3,0C66,119.1,0,59.7,0,59.7V0h1000v59.7 c0,0-62.1,26.1-94.9,29.3c-32.8,3.3-62.8-12.3-75.8-22.1C806,49.6,745.3,8.7,694.9,4.7S492.4,59,473,67.3z\"\/>\n\t<path class=\"elementor-shape-fill\" opacity=\"0.66\" d=\"M734,67.3c-45.5,0-77.2-23.2-129.1-39.1c-28.6-8.7-150.3-10.1-254,39.1 s-91.7-34.4-149.2,0C115.7,118.3,0,39.8,0,39.8V0h1000v36.5c0,0-28.2-18.5-92.1-18.5C810.2,18.1,775.7,67.3,734,67.3z\"\/>\n\t<path class=\"elementor-shape-fill\" d=\"M766.1,28.9c-200-57.5-266,65.5-395.1,19.5C242,1.8,242,5.4,184.8,20.6C128,35.8,132.3,44.9,89.9,52.5C28.6,63.7,0,0,0,0 h1000c0,0-9.9,40.9-83.6,48.1S829.6,47,766.1,28.9z\"\/>\n<\/svg>\t\t<\/div>\n\t\t\t\t\t<div class=\"elementor-container elementor-column-gap-default\">\n\t\t\t\t\t\t\t<div class=\"elementor-row\">\n\t\t\t\t\t<div class=\"elementor-column elementor-col-100 elementor-top-column elementor-element elementor-element-8f2c707\" data-id=\"8f2c707\" data-element_type=\"column\">\n\t\t\t<div class=\"elementor-column-wrap elementor-element-populated\">\n\t\t\t\t\t\t\t<div class=\"elementor-widget-wrap\">\n\t\t\t\t\t\t<section class=\"elementor-section elementor-inner-section elementor-element elementor-element-bead320 elementor-section-boxed elementor-section-height-default elementor-section-height-default\" data-id=\"bead320\" data-element_type=\"section\">\n\t\t\t\t\t\t<div class=\"elementor-container elementor-column-gap-default\">\n\t\t\t\t\t\t\t<div class=\"elementor-row\">\n\t\t\t\t\t<div class=\"elementor-column elementor-col-100 elementor-inner-column elementor-element elementor-element-d8bf13d\" data-id=\"d8bf13d\" data-element_type=\"column\">\n\t\t\t<div class=\"elementor-column-wrap elementor-element-populated\">\n\t\t\t\t\t\t\t<div class=\"elementor-widget-wrap\">\n\t\t\t\t\t\t<div class=\"elementor-element elementor-element-f582172 elementor-widget elementor-widget-heading\" data-id=\"f582172\" data-element_type=\"widget\" data-widget_type=\"heading.default\">\n\t\t\t\t<div class=\"elementor-widget-container\">\n\t\t\t<h1 class=\"elementor-heading-title elementor-size-default\">Lassen Sie uns in Kontakt treten!<\/h1>\t\t<\/div>\n\t\t\t\t<\/div>\n\t\t\t\t<div class=\"elementor-element elementor-element-e69a099 elementor-widget__width-inherit elementor-widget elementor-widget-text-editor\" data-id=\"e69a099\" data-element_type=\"widget\" data-widget_type=\"text-editor.default\">\n\t\t\t\t<div class=\"elementor-widget-container\">\n\t\t\t\t\t\t\t\t<div class=\"elementor-text-editor elementor-clearfix\">\n\t\t\t\t<p>Ich freue mich auf Sie \u2013 Ihre Isabel Stosius<\/p>\t\t\t\t\t<\/div>\n\t\t\t\t\t\t<\/div>\n\t\t\t\t<\/div>\n\t\t\t\t\t\t<\/div>\n\t\t\t\t\t<\/div>\n\t\t<\/div>\n\t\t\t\t\t\t\t\t<\/div>\n\t\t\t\t\t<\/div>\n\t\t<\/section>\n\t\t\t\t<div class=\"elementor-element elementor-element-b67cc94 elementor-tablet-align-center elementor-align-center elementor-mobile-align-center elementor-widget elementor-widget-button\" data-id=\"b67cc94\" data-element_type=\"widget\" data-widget_type=\"button.default\">\n\t\t\t\t<div class=\"elementor-widget-container\">\n\t\t\t\t\t<div class=\"elementor-button-wrapper\">\n\t\t\t<a href=\"https:\/\/wendepunkte.info\/index.php\/kontakt\/\" class=\"elementor-button-link elementor-button elementor-size-sm\" role=\"button\">\n\t\t\t\t\t\t<span class=\"elementor-button-content-wrapper\">\n\t\t\t\t\t\t<span class=\"elementor-button-text\">kontakt aufnehmen<\/span>\n\t\t<\/span>\n\t\t\t\t\t<\/a>\n\t\t<\/div>\n\t\t\t\t<\/div>\n\t\t\t\t<\/div>\n\t\t\t\t\t\t<\/div>\n\t\t\t\t\t<\/div>\n\t\t<\/div>\n\t\t\t\t\t\t\t\t<\/div>\n\t\t\t\t\t<\/div>\n\t\t<\/section>\n\t\t\t\t\t\t\t\t\t<\/div>\n\t\t\t<\/div>\n\t\t\t\t\t<\/div>\n\t\t","protected":false},"excerpt":{"rendered":"<p>Vortragstitel Die folgenden Seminare k\u00f6nnen Sie bei mir buchen, weitere gerne auf Anfrage. 1. Von der grauen Maus zur K\u00f6nigin Wie wir zu einem gesunden Selbstwert kommen &nbsp; 2. Konflikte l\u00f6sen \u2013 Beziehungen behalten Wie kann ich meine Identit\u00e4t und vertreten und zu dem stehen, was mir wichtig ist und dennoch die Beziehung behalten? &nbsp; &hellip;<\/p>\n<p class=\"read-more\"> <a class=\"\" href=\"https:\/\/wendepunkte.info\/index.php\/vortraege\/\"> <span class=\"screen-reader-text\">Vortr\u00e4ge<\/span> Weiterlesen &raquo;<\/a><\/p>\n","protected":false},"author":1,"featured_media":0,"parent":0,"menu_order":0,"comment_status":"closed","ping_status":"closed","template":"","meta":{"_uag_custom_page_level_css":"","site-sidebar-layout":"no-sidebar","site-content-layout":"page-builder","ast-global-header-display":"","ast-main-header-display":"","ast-hfb-above-header-display":"","ast-hfb-below-header-display":"","ast-hfb-mobile-header-display":"","site-post-title":"disabled","ast-breadcrumbs-content":"","ast-featured-img":"disabled","footer-sml-layout":"","theme-transparent-header-meta":"default","adv-header-id-meta":"","stick-header-meta":"","header-above-stick-meta":"","header-main-stick-meta":"","header-below-stick-meta":"","footnotes":""},"class_list":["post-549","page","type-page","status-publish","hentry"],"uagb_featured_image_src":{"full":false,"thumbnail":false,"medium":false,"medium_large":false,"large":false,"1536x1536":false,"2048x2048":false},"uagb_author_info":{"display_name":"admin","author_link":"https:\/\/wendepunkte.info\/index.php\/author\/stotimo\/"},"uagb_comment_info":0,"uagb_excerpt":"Vortragstitel Die folgenden Seminare k\u00f6nnen Sie bei mir buchen, weitere gerne auf Anfrage. 1. Von der grauen Maus zur K\u00f6nigin Wie wir zu einem gesunden Selbstwert kommen &nbsp; 2. Konflikte l\u00f6sen \u2013 Beziehungen behalten Wie kann ich meine Identit\u00e4t und vertreten und zu dem stehen, was mir wichtig ist und dennoch die Beziehung behalten? &nbsp;&hellip;","_links":{"self":[{"href":"https:\/\/wendepunkte.info\/index.php\/wp-json\/wp\/v2\/pages\/549","targetHints":{"allow":["GET"]}}],"collection":[{"href":"https:\/\/wendepunkte.info\/index.php\/wp-json\/wp\/v2\/pages"}],"about":[{"href":"https:\/\/wendepunkte.info\/index.php\/wp-json\/wp\/v2\/types\/page"}],"author":[{"embeddable":true,"href":"https:\/\/wendepunkte.info\/index.php\/wp-json\/wp\/v2\/users\/1"}],"replies":[{"embeddable":true,"href":"https:\/\/wendepunkte.info\/index.php\/wp-json\/wp\/v2\/comments?post=549"}],"version-history":[{"count":17,"href":"https:\/\/wendepunkte.info\/index.php\/wp-json\/wp\/v2\/pages\/549\/revisions"}],"predecessor-version":[{"id":655,"href":"https:\/\/wendepunkte.info\/index.php\/wp-json\/wp\/v2\/pages\/549\/revisions\/655"}],"wp:attachment":[{"href":"https:\/\/wendepunkte.info\/index.php\/wp-json\/wp\/v2\/media?parent=549"}],"curies":[{"name":"wp","href":"https:\/\/api.w.org\/{rel}","templated":true}]}}