{"id":578,"date":"2019-04-14T18:05:35","date_gmt":"2019-04-14T18:05:35","guid":{"rendered":"https:\/\/wendepunkte.info\/?page_id=578"},"modified":"2019-04-14T19:46:30","modified_gmt":"2019-04-14T19:46:30","slug":"beratung","status":"publish","type":"page","link":"https:\/\/wendepunkte.info\/index.php\/beratung\/","title":{"rendered":"Beratung"},"content":{"rendered":"\t\t<div data-elementor-type=\"wp-post\" data-elementor-id=\"578\" class=\"elementor elementor-578\">\n\t\t\t\t\t\t<div class=\"elementor-inner\">\n\t\t\t\t<div class=\"elementor-section-wrap\">\n\t\t\t\t\t\t\t\t\t<section class=\"elementor-section elementor-top-section elementor-element elementor-element-e969668 elementor-section-boxed elementor-section-height-default elementor-section-height-default\" data-id=\"e969668\" data-element_type=\"section\" data-settings=\"{&quot;background_background&quot;:&quot;classic&quot;,&quot;shape_divider_top&quot;:&quot;mountains&quot;}\">\n\t\t\t\t\t\t\t<div class=\"elementor-background-overlay\"><\/div>\n\t\t\t\t\t\t<div class=\"elementor-shape elementor-shape-top\" data-negative=\"false\">\n\t\t\t<svg xmlns=\"http:\/\/www.w3.org\/2000\/svg\" viewBox=\"0 0 1000 100\" preserveAspectRatio=\"none\">\n\t<path class=\"elementor-shape-fill\" opacity=\"0.33\" d=\"M473,67.3c-203.9,88.3-263.1-34-320.3,0C66,119.1,0,59.7,0,59.7V0h1000v59.7 c0,0-62.1,26.1-94.9,29.3c-32.8,3.3-62.8-12.3-75.8-22.1C806,49.6,745.3,8.7,694.9,4.7S492.4,59,473,67.3z\"\/>\n\t<path class=\"elementor-shape-fill\" opacity=\"0.66\" d=\"M734,67.3c-45.5,0-77.2-23.2-129.1-39.1c-28.6-8.7-150.3-10.1-254,39.1 s-91.7-34.4-149.2,0C115.7,118.3,0,39.8,0,39.8V0h1000v36.5c0,0-28.2-18.5-92.1-18.5C810.2,18.1,775.7,67.3,734,67.3z\"\/>\n\t<path class=\"elementor-shape-fill\" d=\"M766.1,28.9c-200-57.5-266,65.5-395.1,19.5C242,1.8,242,5.4,184.8,20.6C128,35.8,132.3,44.9,89.9,52.5C28.6,63.7,0,0,0,0 h1000c0,0-9.9,40.9-83.6,48.1S829.6,47,766.1,28.9z\"\/>\n<\/svg>\t\t<\/div>\n\t\t\t\t\t<div class=\"elementor-container elementor-column-gap-default\">\n\t\t\t\t\t\t\t<div class=\"elementor-row\">\n\t\t\t\t\t<div class=\"elementor-column elementor-col-100 elementor-top-column elementor-element elementor-element-c7f02ac\" data-id=\"c7f02ac\" data-element_type=\"column\" data-settings=\"{&quot;background_background&quot;:&quot;classic&quot;}\">\n\t\t\t<div class=\"elementor-column-wrap elementor-element-populated\">\n\t\t\t\t\t\t\t<div class=\"elementor-widget-wrap\">\n\t\t\t\t\t\t<div class=\"elementor-element elementor-element-d0b6437 elementor-widget elementor-widget-image\" data-id=\"d0b6437\" data-element_type=\"widget\" data-widget_type=\"image.default\">\n\t\t\t\t<div class=\"elementor-widget-container\">\n\t\t\t\t\t\t\t\t<div class=\"elementor-image\">\n\t\t\t\t\t\t\t\t\t\t\t\t<img loading=\"lazy\" decoding=\"async\" width=\"194\" height=\"259\" src=\"https:\/\/wendepunkte.info\/wp-content\/uploads\/2019\/04\/images.jpeg\" class=\"attachment-medium size-medium wp-image-560\" alt=\"\" \/>\t\t\t\t\t\t\t\t\t\t\t\t\t\t<\/div>\n\t\t\t\t\t\t<\/div>\n\t\t\t\t<\/div>\n\t\t\t\t<div class=\"elementor-element elementor-element-14a30d2 elementor-widget elementor-widget-text-editor\" data-id=\"14a30d2\" data-element_type=\"widget\" data-widget_type=\"text-editor.default\">\n\t\t\t\t<div class=\"elementor-widget-container\">\n\t\t\t\t\t\t\t\t<div class=\"elementor-text-editor elementor-clearfix\">\n\t\t\t\t<h1>Beratung<\/h1><h5>Beratung in meinem Verst\u00e4ndnis ist Lebens- und Glaubenshilfe auf Grundlage des biblischen Menschenbildes bei m\u00f6glichst hohem therapeutischem Niveau.<\/h5><p><strong>In der Praxis bedeutet das:<\/strong><br \/>1. Methodenplurales Vorgehen, also den Einsatz verschiedener wissenschaftlich fundierter Psychotherapien<br \/>2. Achtung und Einbeziehung der religi\u00f6sen Dimensionen des Hilfesuchenden<br \/>3. Bei Bedarf: Ber\u00fccksichtigung medizinischer Aspekte durch Zusammenarbeit mit \u00c4rzten<\/p><p><strong>Angebote:<\/strong><br \/>Einzelgespr\u00e4che \/ Coaching<br \/>Pers\u00f6nlichkeitsentwicklung und -f\u00f6rderung<br \/>Kinder- und Jugendseelsorge<br \/>Alleinerziehende<br \/>Seelsorgegruppen<\/p><p><b>Preise<\/b>:\u00a0<span style=\"font-size: 15px;\">Auf Anfrage<\/span><\/p>\t\t\t\t\t<\/div>\n\t\t\t\t\t\t<\/div>\n\t\t\t\t<\/div>\n\t\t\t\t\t\t<\/div>\n\t\t\t\t\t<\/div>\n\t\t<\/div>\n\t\t\t\t\t\t\t\t<\/div>\n\t\t\t\t\t<\/div>\n\t\t<\/section>\n\t\t\t\t<section class=\"elementor-section elementor-top-section elementor-element elementor-element-22dc8d1 elementor-section-content-middle elementor-section-boxed elementor-section-height-default elementor-section-height-default\" data-id=\"22dc8d1\" data-element_type=\"section\" data-settings=\"{&quot;background_background&quot;:&quot;classic&quot;,&quot;shape_divider_bottom&quot;:&quot;mountains&quot;}\">\n\t\t\t\t\t<div class=\"elementor-shape elementor-shape-bottom\" data-negative=\"false\">\n\t\t\t<svg xmlns=\"http:\/\/www.w3.org\/2000\/svg\" viewBox=\"0 0 1000 100\" preserveAspectRatio=\"none\">\n\t<path class=\"elementor-shape-fill\" opacity=\"0.33\" d=\"M473,67.3c-203.9,88.3-263.1-34-320.3,0C66,119.1,0,59.7,0,59.7V0h1000v59.7 c0,0-62.1,26.1-94.9,29.3c-32.8,3.3-62.8-12.3-75.8-22.1C806,49.6,745.3,8.7,694.9,4.7S492.4,59,473,67.3z\"\/>\n\t<path class=\"elementor-shape-fill\" opacity=\"0.66\" d=\"M734,67.3c-45.5,0-77.2-23.2-129.1-39.1c-28.6-8.7-150.3-10.1-254,39.1 s-91.7-34.4-149.2,0C115.7,118.3,0,39.8,0,39.8V0h1000v36.5c0,0-28.2-18.5-92.1-18.5C810.2,18.1,775.7,67.3,734,67.3z\"\/>\n\t<path class=\"elementor-shape-fill\" d=\"M766.1,28.9c-200-57.5-266,65.5-395.1,19.5C242,1.8,242,5.4,184.8,20.6C128,35.8,132.3,44.9,89.9,52.5C28.6,63.7,0,0,0,0 h1000c0,0-9.9,40.9-83.6,48.1S829.6,47,766.1,28.9z\"\/>\n<\/svg>\t\t<\/div>\n\t\t\t\t\t<div class=\"elementor-container elementor-column-gap-default\">\n\t\t\t\t\t\t\t<div class=\"elementor-row\">\n\t\t\t\t\t<div class=\"elementor-column elementor-col-100 elementor-top-column elementor-element elementor-element-ef82360\" data-id=\"ef82360\" data-element_type=\"column\">\n\t\t\t<div class=\"elementor-column-wrap elementor-element-populated\">\n\t\t\t\t\t\t\t<div class=\"elementor-widget-wrap\">\n\t\t\t\t\t\t<section class=\"elementor-section elementor-inner-section elementor-element elementor-element-3326e5f elementor-section-boxed elementor-section-height-default elementor-section-height-default\" data-id=\"3326e5f\" data-element_type=\"section\">\n\t\t\t\t\t\t<div class=\"elementor-container elementor-column-gap-default\">\n\t\t\t\t\t\t\t<div class=\"elementor-row\">\n\t\t\t\t\t<div class=\"elementor-column elementor-col-100 elementor-inner-column elementor-element elementor-element-d9ab480\" data-id=\"d9ab480\" data-element_type=\"column\">\n\t\t\t<div class=\"elementor-column-wrap elementor-element-populated\">\n\t\t\t\t\t\t\t<div class=\"elementor-widget-wrap\">\n\t\t\t\t\t\t<div class=\"elementor-element elementor-element-0e559dc elementor-widget elementor-widget-heading\" data-id=\"0e559dc\" data-element_type=\"widget\" data-widget_type=\"heading.default\">\n\t\t\t\t<div class=\"elementor-widget-container\">\n\t\t\t<h1 class=\"elementor-heading-title elementor-size-default\">Lassen Sie uns in Kontakt treten!<\/h1>\t\t<\/div>\n\t\t\t\t<\/div>\n\t\t\t\t<div class=\"elementor-element elementor-element-8b05f2b elementor-widget__width-inherit elementor-widget elementor-widget-text-editor\" data-id=\"8b05f2b\" data-element_type=\"widget\" data-widget_type=\"text-editor.default\">\n\t\t\t\t<div class=\"elementor-widget-container\">\n\t\t\t\t\t\t\t\t<div class=\"elementor-text-editor elementor-clearfix\">\n\t\t\t\t<p>Ich freue mich auf Sie \u2013 Ihre Isabel Stosius<\/p>\t\t\t\t\t<\/div>\n\t\t\t\t\t\t<\/div>\n\t\t\t\t<\/div>\n\t\t\t\t\t\t<\/div>\n\t\t\t\t\t<\/div>\n\t\t<\/div>\n\t\t\t\t\t\t\t\t<\/div>\n\t\t\t\t\t<\/div>\n\t\t<\/section>\n\t\t\t\t<div class=\"elementor-element elementor-element-e510e4c elementor-tablet-align-center elementor-align-center elementor-mobile-align-center elementor-widget elementor-widget-button\" data-id=\"e510e4c\" data-element_type=\"widget\" data-widget_type=\"button.default\">\n\t\t\t\t<div class=\"elementor-widget-container\">\n\t\t\t\t\t<div class=\"elementor-button-wrapper\">\n\t\t\t<a href=\"https:\/\/wendepunkte.info\/index.php\/kontakt\/\" class=\"elementor-button-link elementor-button elementor-size-sm\" role=\"button\">\n\t\t\t\t\t\t<span class=\"elementor-button-content-wrapper\">\n\t\t\t\t\t\t<span class=\"elementor-button-text\">kontakt aufnehmen<\/span>\n\t\t<\/span>\n\t\t\t\t\t<\/a>\n\t\t<\/div>\n\t\t\t\t<\/div>\n\t\t\t\t<\/div>\n\t\t\t\t\t\t<\/div>\n\t\t\t\t\t<\/div>\n\t\t<\/div>\n\t\t\t\t\t\t\t\t<\/div>\n\t\t\t\t\t<\/div>\n\t\t<\/section>\n\t\t\t\t\t\t\t\t\t<\/div>\n\t\t\t<\/div>\n\t\t\t\t\t<\/div>\n\t\t","protected":false},"excerpt":{"rendered":"<p>Beratung Beratung in meinem Verst\u00e4ndnis ist Lebens- und Glaubenshilfe auf Grundlage des biblischen Menschenbildes bei m\u00f6glichst hohem therapeutischem Niveau. In der Praxis bedeutet das:1. Methodenplurales Vorgehen, also den Einsatz verschiedener wissenschaftlich fundierter Psychotherapien2. Achtung und Einbeziehung der religi\u00f6sen Dimensionen des Hilfesuchenden3. Bei Bedarf: Ber\u00fccksichtigung medizinischer Aspekte durch Zusammenarbeit mit \u00c4rzten Angebote:Einzelgespr\u00e4che \/ CoachingPers\u00f6nlichkeitsentwicklung und -f\u00f6rderungKinder- &hellip;<\/p>\n<p class=\"read-more\"> <a class=\"\" href=\"https:\/\/wendepunkte.info\/index.php\/beratung\/\"> <span class=\"screen-reader-text\">Beratung<\/span> Weiterlesen &raquo;<\/a><\/p>\n","protected":false},"author":1,"featured_media":0,"parent":0,"menu_order":0,"comment_status":"closed","ping_status":"closed","template":"","meta":{"_uag_custom_page_level_css":"","site-sidebar-layout":"no-sidebar","site-content-layout":"page-builder","ast-global-header-display":"","ast-main-header-display":"","ast-hfb-above-header-display":"","ast-hfb-below-header-display":"","ast-hfb-mobile-header-display":"","site-post-title":"disabled","ast-breadcrumbs-content":"","ast-featured-img":"disabled","footer-sml-layout":"","theme-transparent-header-meta":"default","adv-header-id-meta":"","stick-header-meta":"","header-above-stick-meta":"","header-main-stick-meta":"","header-below-stick-meta":"","footnotes":""},"class_list":["post-578","page","type-page","status-publish","hentry"],"uagb_featured_image_src":{"full":false,"thumbnail":false,"medium":false,"medium_large":false,"large":false,"1536x1536":false,"2048x2048":false},"uagb_author_info":{"display_name":"admin","author_link":"https:\/\/wendepunkte.info\/index.php\/author\/stotimo\/"},"uagb_comment_info":0,"uagb_excerpt":"Beratung Beratung in meinem Verst\u00e4ndnis ist Lebens- und Glaubenshilfe auf Grundlage des biblischen Menschenbildes bei m\u00f6glichst hohem therapeutischem Niveau. In der Praxis bedeutet das:1. Methodenplurales Vorgehen, also den Einsatz verschiedener wissenschaftlich fundierter Psychotherapien2. Achtung und Einbeziehung der religi\u00f6sen Dimensionen des Hilfesuchenden3. Bei Bedarf: Ber\u00fccksichtigung medizinischer Aspekte durch Zusammenarbeit mit \u00c4rzten Angebote:Einzelgespr\u00e4che \/ CoachingPers\u00f6nlichkeitsentwicklung und -f\u00f6rderungKinder-&hellip;","_links":{"self":[{"href":"https:\/\/wendepunkte.info\/index.php\/wp-json\/wp\/v2\/pages\/578","targetHints":{"allow":["GET"]}}],"collection":[{"href":"https:\/\/wendepunkte.info\/index.php\/wp-json\/wp\/v2\/pages"}],"about":[{"href":"https:\/\/wendepunkte.info\/index.php\/wp-json\/wp\/v2\/types\/page"}],"author":[{"embeddable":true,"href":"https:\/\/wendepunkte.info\/index.php\/wp-json\/wp\/v2\/users\/1"}],"replies":[{"embeddable":true,"href":"https:\/\/wendepunkte.info\/index.php\/wp-json\/wp\/v2\/comments?post=578"}],"version-history":[{"count":7,"href":"https:\/\/wendepunkte.info\/index.php\/wp-json\/wp\/v2\/pages\/578\/revisions"}],"predecessor-version":[{"id":649,"href":"https:\/\/wendepunkte.info\/index.php\/wp-json\/wp\/v2\/pages\/578\/revisions\/649"}],"wp:attachment":[{"href":"https:\/\/wendepunkte.info\/index.php\/wp-json\/wp\/v2\/media?parent=578"}],"curies":[{"name":"wp","href":"https:\/\/api.w.org\/{rel}","templated":true}]}}